{"id":143,"date":"2020-02-24T13:08:57","date_gmt":"2020-02-24T13:08:57","guid":{"rendered":"https:\/\/demosites.io\/zelle-gb\/?page_id=143"},"modified":"2023-01-03T17:23:33","modified_gmt":"2023-01-03T17:23:33","slug":"0227d-home","status":"publish","type":"page","link":"https:\/\/abrasivesstone.com\/en\/","title":{"rendered":"Home"},"content":{"rendered":"<div class=\"wp-block-themeisle-blocks-advanced-columns has-1-columns has-desktop-equal-layout has-tablet-equal-layout has-mobile-equal-layout has-default-gap has-vertical-center\" id=\"wp-block-themeisle-blocks-advanced-columns-7fb10dc7\"><div class=\"wp-block-themeisle-blocks-advanced-columns-overlay\"><\/div><div class=\"innerblocks-wrap\"><div class=\"wp-block-themeisle-blocks-advanced-column\" id=\"wp-block-themeisle-blocks-advanced-column-44b27475\"><h1 class=\"has-text-align-center has-white-color has-text-color wp-block-heading\">ABRASIVOS PARA PIEDRA<\/h1>\n\n<h4 class=\"has-text-align-center has-white-color has-text-color wp-block-heading\">ABRASIVOS PARA PULIDO Y ABRILLANTADO DE PIEDRA NATURAL Y ARTIFICIAL FABRRICADOS CON MATERIA PRIMA DE PRIMERA CALIDAD<br><br>MADE IN SPAIN <\/h4>\n\n<div style=\"height:20px\" aria-hidden=\"true\" class=\"wp-block-spacer\"><\/div>\n\n<div id=\"wp-block-themeisle-blocks-button-group-ca032f19\" class=\"wp-block-themeisle-blocks-button-group wp-block-buttons align-center\"><div id=\"wp-block-themeisle-blocks-button-e4b983e6\" class=\"wp-block-themeisle-blocks-button wp-block-button\"><a href=\"https:\/\/abrasivesstone.com\/en\/catalogo\/\" target=\"_blank\" rel=\"noopener noreferrer\" class=\"wp-block-button__link\"><i class=\"fas fa-fw fa-align-justify margin-right\"><\/i><span>CAT\u00e1logo<\/span><\/a><\/div>\n\n<div id=\"wp-block-themeisle-blocks-button-474b6c9b\" class=\"wp-block-themeisle-blocks-button wp-block-button\"><a href=\"https:\/\/www.facebook.com\/abrasivesstone\" target=\"_self\" rel=\"noopener noreferrer\" class=\"wp-block-button__link\"><i class=\"fab fa-fw fa-facebook margin-right\"><\/i><span>S\u00edguenos en Facebook<\/span><\/a><\/div>\n\n<div id=\"wp-block-themeisle-blocks-button-c66ba245\" class=\"wp-block-themeisle-blocks-button wp-block-button ticss-596cace0\"><a href=\"https:\/\/wa.me\/34646579031\" target=\"_blank\" rel=\"noopener noreferrer\" class=\"wp-block-button__link\"><i class=\"fab fa-fw fa-whatsapp margin-right\"><\/i><span>WHATSAPP<\/span><\/a><\/div><\/div><\/div><\/div><\/div><div class=\"wp-block-themeisle-blocks-advanced-columns has-1-columns has-desktop-equal-layout has-tablet-equal-layout has-mobile-equal-layout has-default-gap has-vertical-unset\" id=\"wp-block-themeisle-blocks-advanced-columns-ea573154\"><div class=\"wp-block-themeisle-blocks-advanced-columns-overlay\"><\/div><div class=\"innerblocks-wrap\"><div class=\"wp-block-themeisle-blocks-advanced-column\" id=\"wp-block-themeisle-blocks-advanced-column-741ba973\"><h2 class=\"has-text-align-center wp-block-heading\">TODO TIPO DE PRODUCTOS<\/h2>\n\n<p class=\"has-text-align-center\">Disponemos de un amplio catalogo para cubrir todas las necesidades<\/p><\/div><\/div><\/div><div class=\"wp-block-themeisle-blocks-advanced-columns has-3-columns has-desktop-equal-layout has-tablet-equal-layout has-mobile-collapsedRows-layout has-default-gap has-vertical-unset\" id=\"wp-block-themeisle-blocks-advanced-columns-1560468f\"><div class=\"wp-block-themeisle-blocks-advanced-columns-overlay\"><\/div><div class=\"innerblocks-wrap\"><div class=\"wp-block-themeisle-blocks-advanced-column\" id=\"wp-block-themeisle-blocks-advanced-column-a8475f3c\"><div class=\"wp-block-image\"><figure class=\"aligncenter size-medium is-resized\"><img loading=\"lazy\" decoding=\"async\" src=\"https:\/\/abrasivesstone.com\/wp-content\/uploads\/2020\/12\/marmol-300x300.png\" alt=\"\" class=\"wp-image-454\" width=\"225\" height=\"225\" srcset=\"https:\/\/abrasivesstone.com\/wp-content\/uploads\/2020\/12\/marmol-300x300.png 300w, https:\/\/abrasivesstone.com\/wp-content\/uploads\/2020\/12\/marmol-1024x1024.png 1024w, https:\/\/abrasivesstone.com\/wp-content\/uploads\/2020\/12\/marmol-150x150.png 150w, https:\/\/abrasivesstone.com\/wp-content\/uploads\/2020\/12\/marmol-768x768.png 768w, https:\/\/abrasivesstone.com\/wp-content\/uploads\/2020\/12\/marmol-12x12.png 12w, https:\/\/abrasivesstone.com\/wp-content\/uploads\/2020\/12\/marmol-600x600.png 600w, https:\/\/abrasivesstone.com\/wp-content\/uploads\/2020\/12\/marmol-100x100.png 100w, https:\/\/abrasivesstone.com\/wp-content\/uploads\/2020\/12\/marmol-64x64.png 64w, https:\/\/abrasivesstone.com\/wp-content\/uploads\/2020\/12\/marmol.png 1075w\" sizes=\"(max-width: 225px) 100vw, 225px\" \/><\/figure><\/div>\n\n<h5 id=\"wp-block-themeisle-blocks-advanced-heading-71659c7c\" class=\"wp-block-themeisle-blocks-advanced-heading wp-block-themeisle-blocks-advanced-heading-71659c7c\">MARMOL<\/h5>\n\n<p class=\"has-text-align-center has-link-color-color has-text-color\" style=\"font-size:14px\">Fabricamos una amplia gama de abrasivos <strong>Frankfurt<\/strong> para pulido y abrillantado de todo tipo de m\u00e1rmol. Contamos adem\u00e1s con nuestro excelente abrasivo <strong>Frankfurt 5 Extra<\/strong>, con el cual se consigue un brillo cristalino y un efecto mojado.<\/p><\/div>\n\n<div class=\"wp-block-themeisle-blocks-advanced-column\" id=\"wp-block-themeisle-blocks-advanced-column-835f0878\"><div class=\"wp-block-image\"><figure class=\"aligncenter size-large\"><img loading=\"lazy\" decoding=\"async\" width=\"688\" height=\"704\" src=\"https:\/\/abrasivesstone.com\/wp-content\/uploads\/2021\/01\/granitio-300x300-2.png\" alt=\"\" class=\"wp-image-459\" srcset=\"https:\/\/abrasivesstone.com\/wp-content\/uploads\/2021\/01\/granitio-300x300-2.png 688w, https:\/\/abrasivesstone.com\/wp-content\/uploads\/2021\/01\/granitio-300x300-2-293x300.png 293w, https:\/\/abrasivesstone.com\/wp-content\/uploads\/2021\/01\/granitio-300x300-2-12x12.png 12w, https:\/\/abrasivesstone.com\/wp-content\/uploads\/2021\/01\/granitio-300x300-2-600x614.png 600w, https:\/\/abrasivesstone.com\/wp-content\/uploads\/2021\/01\/granitio-300x300-2-64x65.png 64w\" sizes=\"(max-width: 688px) 100vw, 688px\" \/><\/figure><\/div>\n\n<h5 id=\"wp-block-themeisle-blocks-advanced-heading-3c21eeff\" class=\"wp-block-themeisle-blocks-advanced-heading wp-block-themeisle-blocks-advanced-heading-3c21eeff\">GRANITO<\/h5>\n\n<p class=\"has-text-align-center has-link-color-color has-text-color\" style=\"font-size:14px\">En Abrasives Stone, contamos tambi\u00e9n con los abrasivos <strong>Fickert<\/strong>, para abrillantado y pulido de granito. Al igual que todos nuestros productos, estan fabricados con materia prima de m\u00e1xima calidad, garantizando as\u00ed un brillo absoluto en cualquier tipo de granito..<\/p><\/div>\n\n<div class=\"wp-block-themeisle-blocks-advanced-column\" id=\"wp-block-themeisle-blocks-advanced-column-6f7cb208\"><div class=\"wp-block-image\"><figure class=\"aligncenter size-large is-resized\"><img loading=\"lazy\" decoding=\"async\" src=\"https:\/\/abrasivesstone.com\/wp-content\/uploads\/2020\/12\/terrazo.png\" alt=\"\" class=\"wp-image-452\" width=\"225\" height=\"225\" srcset=\"https:\/\/abrasivesstone.com\/wp-content\/uploads\/2020\/12\/terrazo.png 808w, https:\/\/abrasivesstone.com\/wp-content\/uploads\/2020\/12\/terrazo-300x300.png 300w, https:\/\/abrasivesstone.com\/wp-content\/uploads\/2020\/12\/terrazo-150x150.png 150w, https:\/\/abrasivesstone.com\/wp-content\/uploads\/2020\/12\/terrazo-768x768.png 768w, https:\/\/abrasivesstone.com\/wp-content\/uploads\/2020\/12\/terrazo-12x12.png 12w, https:\/\/abrasivesstone.com\/wp-content\/uploads\/2020\/12\/terrazo-600x600.png 600w, https:\/\/abrasivesstone.com\/wp-content\/uploads\/2020\/12\/terrazo-100x100.png 100w, https:\/\/abrasivesstone.com\/wp-content\/uploads\/2020\/12\/terrazo-64x64.png 64w\" sizes=\"(max-width: 225px) 100vw, 225px\" \/><\/figure><\/div>\n\n<h5 id=\"wp-block-themeisle-blocks-advanced-heading-bfb9227e\" class=\"wp-block-themeisle-blocks-advanced-heading wp-block-themeisle-blocks-advanced-heading-bfb9227e\">TERRAZO<\/h5>\n\n<p class=\"has-text-align-center has-link-color-color has-text-color\" style=\"font-size:14px\">Nuestros abrasivos <strong>Big 1<\/strong> y <strong>Big 3<\/strong> para pulido de baldosas de terrazo son ideales para el montaje r\u00e1pido en m\u00e1quinas lineales Fabricamos todos los granos, desde Grano 24, hasta Lux 1200, para conseguir el mayor brillo posible.<\/p><\/div><\/div><\/div><div class=\"wp-block-themeisle-blocks-advanced-columns has-1-columns has-desktop-equal-layout has-tablet-equal-layout has-mobile-equal-layout has-default-gap has-vertical-unset\" id=\"wp-block-themeisle-blocks-advanced-columns-16d5ad34\"><div class=\"wp-block-themeisle-blocks-advanced-columns-overlay\"><\/div><div class=\"innerblocks-wrap\"><div class=\"wp-block-themeisle-blocks-advanced-column\" id=\"wp-block-themeisle-blocks-advanced-column-c36afbd2\"><h2 class=\"has-text-align-center has-white-color has-text-color wp-block-heading\">CALIDAD, EXPERIENCIA Y FIABILIDAD<\/h2>\n\n<p class=\"has-text-align-center has-white-color has-text-color has-normal-font-size\">Para aquellos que desean conseguir los mejores acabados<\/p><\/div><\/div><\/div><div class=\"wp-block-themeisle-blocks-advanced-columns has-3-columns has-desktop-equal-layout has-tablet-collapsedRows-layout has-mobile-collapsedRows-layout has-default-gap has-vertical-center\" id=\"wp-block-themeisle-blocks-advanced-columns-5cca7499\"><div class=\"wp-block-themeisle-blocks-advanced-columns-overlay\"><\/div><div class=\"innerblocks-wrap\"><div class=\"wp-block-themeisle-blocks-advanced-column\" id=\"wp-block-themeisle-blocks-advanced-column-37d6717a\"><h2 id=\"wp-block-themeisle-blocks-advanced-heading-259e2535\" class=\"wp-block-themeisle-blocks-advanced-heading wp-block-themeisle-blocks-advanced-heading-259e2535\"> 40 a\u00f1os de<br>experiencia<br>en el sector<\/h2><\/div>\n\n<div class=\"wp-block-themeisle-blocks-advanced-column\" id=\"wp-block-themeisle-blocks-advanced-column-59bc7810\"><h4 id=\"wp-block-themeisle-blocks-advanced-heading-34ddd06d\" class=\"wp-block-themeisle-blocks-advanced-heading wp-block-themeisle-blocks-advanced-heading-34ddd06d\">En Abrasives Stone, contamos con m\u00e1s de 40 a\u00f1os de experiencia en la fabricaci\u00f3n de abrasivos para pulido de m\u00e1rmol, granito y terrazo entre otros productos. Desde entonces, producimos abrasivos de primera calidad, fabricados con una alt\u00edsima precisi\u00f3n,  velando siempre por la satisfacci\u00f3n de nuestros clientes.<br><\/h4>\n\n<h4 id=\"wp-block-themeisle-blocks-advanced-heading-2c5e97b8\" class=\"wp-block-themeisle-blocks-advanced-heading wp-block-themeisle-blocks-advanced-heading-2c5e97b8\">Nuestra empresa est\u00e1 formada por un amplio equipo t\u00e9cnico, as\u00ed como por una avanzada tecnolog\u00eda en el campo de los abrasivos, los cuales trabajan conjuntamente para elaborar un producto que permite lograr un acabado perfecto.<\/h4><\/div>\n\n<div class=\"wp-block-themeisle-blocks-advanced-column\" id=\"wp-block-themeisle-blocks-advanced-column-88035a2d\"><p class=\"wp-block-themeisle-blocks-font-awesome-icons\" id=\"wp-block-themeisle-blocks-font-awesome-icons-386d4154\"><span class=\"wp-block-themeisle-blocks-font-awesome-icons-container\"><i class=\"fas fa-globe-europe\"><\/i><\/span><\/p>\n\n<h3 id=\"wp-block-themeisle-blocks-advanced-heading-11f93ab9\" class=\"wp-block-themeisle-blocks-advanced-heading wp-block-themeisle-blocks-advanced-heading-11f93ab9\">ENVIOS A TODO EL MUNDO<\/h3>\n\n<p class=\"wp-block-themeisle-blocks-font-awesome-icons\" id=\"wp-block-themeisle-blocks-font-awesome-icons-34dbd4d7\"><span class=\"wp-block-themeisle-blocks-font-awesome-icons-container\"><i class=\"far fa-star\"><\/i><\/span><\/p>\n\n<h3 id=\"wp-block-themeisle-blocks-advanced-heading-5ac3c1e7\" class=\"wp-block-themeisle-blocks-advanced-heading wp-block-themeisle-blocks-advanced-heading-5ac3c1e7\">PRODUCTOS DE PRIMERA CALIDAD<\/h3><\/div><\/div><\/div><div class=\"wp-block-themeisle-blocks-advanced-columns has-1-columns has-desktop-equal-layout has-tablet-equal-layout has-mobile-equal-layout has-default-gap has-vertical-unset\" id=\"wp-block-themeisle-blocks-advanced-columns-8d86611b\"><div class=\"wp-block-themeisle-blocks-advanced-columns-overlay\"><\/div><div class=\"innerblocks-wrap\"><div class=\"wp-block-themeisle-blocks-advanced-column\" id=\"wp-block-themeisle-blocks-advanced-column-73764f3b\"><h1 class=\"has-text-align-center wp-block-heading\">PRODUCTOS DESTACADOS<\/h1>\n\n<p class=\"has-text-align-center has-black-color has-text-color\">Ponemos a tu disposici\u00f3n una selecci\u00f3n de nuestros mejores productos. Consulta nuestro cat\u00e1logo completo a trav\u00e9s del siguiente <a href=\"https:\/\/abrasivesstone.com\/en\/catalogo\/\" data-type=\"URL\" data-id=\"\/catalogo\">enlace<\/a>.  <br>Tambien puedes descargarlo a haciendo click <a href=\"\/wp-content\/uploads\/2020\/11\/Abrasive-Stone-Catalogo.pdf\">aqu\u00ed<\/a><\/p><\/div><\/div><\/div><div data-align-buttons=\"true\" data-block-name=\"woocommerce\/handpicked-products\" data-columns=\"4\" data-content-visibility=\"{&quot;title&quot;:true,&quot;price&quot;:true,&quot;rating&quot;:false,&quot;button&quot;:true}\" data-edit-mode=\"false\" data-orderby=\"price_asc\" data-products=\"[270,218,266,282]\" class=\"wc-block-grid wp-block-handpicked-products wc-block-handpicked-products has-4-columns has-multiple-rows has-aligned-buttons animated fadeIn delay-500ms\"><ul class=\"wc-block-grid__products\"><li class=\"wc-block-grid__product\">\n\t\t\t\t<a href=\"https:\/\/abrasivesstone.com\/en\/product\/frankfurt-5-extra\/\" class=\"wc-block-grid__product-link\">\n\t\t\t\t\t\n\t\t\t\t\t<div class=\"wc-block-grid__product-image\"><img loading=\"lazy\" decoding=\"async\" width=\"300\" height=\"300\" src=\"https:\/\/abrasivesstone.com\/wp-content\/uploads\/2020\/11\/OK_Frankfurt_resine_void_band-300x300.png\" class=\"attachment-woocommerce_thumbnail size-woocommerce_thumbnail\" alt=\"Frankfurt 5 Extra\" srcset=\"https:\/\/abrasivesstone.com\/wp-content\/uploads\/2020\/11\/OK_Frankfurt_resine_void_band-300x300.png 300w, https:\/\/abrasivesstone.com\/wp-content\/uploads\/2020\/11\/OK_Frankfurt_resine_void_band-100x100.png 100w, https:\/\/abrasivesstone.com\/wp-content\/uploads\/2020\/11\/OK_Frankfurt_resine_void_band-600x597.png 600w, https:\/\/abrasivesstone.com\/wp-content\/uploads\/2020\/11\/OK_Frankfurt_resine_void_band-150x150.png 150w, https:\/\/abrasivesstone.com\/wp-content\/uploads\/2020\/11\/OK_Frankfurt_resine_void_band-12x12.png 12w\" sizes=\"(max-width: 300px) 100vw, 300px\" \/><\/div>\n\t\t\t\t\t<div class=\"wc-block-grid__product-title\">Frankfurt 5 Extra<\/div>\n\t\t\t\t<\/a>\n\t\t\t\t<div class=\"wc-block-grid__product-price price\"><\/div>\n\t\t\t\t\n\t\t\t\t<div class=\"wp-block-button wc-block-grid__product-add-to-cart\"><a href=\"https:\/\/abrasivesstone.com\/en\/product\/frankfurt-5-extra\/\" aria-label=\"Read more about \u201cFrankfurt 5 Extra\u201d\" data-quantity=\"1\" data-product_id=\"218\" data-product_sku=\"025\" data-price=\"0\" rel=\"nofollow\" class=\"wp-block-button__link  add_to_cart_button\" data-no-translation=\"\" data-trp-gettext=\"\" data-no-translation-aria-label=\"\">Read more<\/a><\/div>\n\t\t\t<\/li><li class=\"wc-block-grid__product\">\n\t\t\t\t<a href=\"https:\/\/abrasivesstone.com\/en\/product\/frankfurt-gr-400\/\" class=\"wc-block-grid__product-link\">\n\t\t\t\t\t\n\t\t\t\t\t<div class=\"wc-block-grid__product-image\"><img loading=\"lazy\" decoding=\"async\" width=\"300\" height=\"300\" src=\"https:\/\/abrasivesstone.com\/wp-content\/uploads\/2020\/11\/OK_Frankfurt_negro-300x300.png\" class=\"attachment-woocommerce_thumbnail size-woocommerce_thumbnail\" alt=\"Frankfurt GR-400\" srcset=\"https:\/\/abrasivesstone.com\/wp-content\/uploads\/2020\/11\/OK_Frankfurt_negro-300x300.png 300w, https:\/\/abrasivesstone.com\/wp-content\/uploads\/2020\/11\/OK_Frankfurt_negro-100x100.png 100w, https:\/\/abrasivesstone.com\/wp-content\/uploads\/2020\/11\/OK_Frankfurt_negro-150x150.png 150w, https:\/\/abrasivesstone.com\/wp-content\/uploads\/2020\/11\/OK_Frankfurt_negro-12x12.png 12w\" sizes=\"(max-width: 300px) 100vw, 300px\" \/><\/div>\n\t\t\t\t\t<div class=\"wc-block-grid__product-title\">Frankfurt GR-400<\/div>\n\t\t\t\t<\/a>\n\t\t\t\t<div class=\"wc-block-grid__product-price price\"><\/div>\n\t\t\t\t\n\t\t\t\t<div class=\"wp-block-button wc-block-grid__product-add-to-cart\"><a href=\"https:\/\/abrasivesstone.com\/en\/product\/frankfurt-gr-400\/\" aria-label=\"Read more about \u201cFrankfurt GR-400\u201d\" data-quantity=\"1\" data-product_id=\"266\" data-product_sku=\"021\" data-price=\"0\" rel=\"nofollow\" class=\"wp-block-button__link  add_to_cart_button\" data-no-translation=\"\" data-trp-gettext=\"\" data-no-translation-aria-label=\"\">Read more<\/a><\/div>\n\t\t\t<\/li><li class=\"wc-block-grid__product\">\n\t\t\t\t<a href=\"https:\/\/abrasivesstone.com\/en\/product\/fickert-magnesita\/\" class=\"wc-block-grid__product-link\">\n\t\t\t\t\t\n\t\t\t\t\t<div class=\"wc-block-grid__product-image\"><img loading=\"lazy\" decoding=\"async\" width=\"300\" height=\"300\" src=\"https:\/\/abrasivesstone.com\/wp-content\/uploads\/2020\/11\/Fickert-blanco-300x300.png\" class=\"attachment-woocommerce_thumbnail size-woocommerce_thumbnail\" alt=\"Fickert - Magnesita\" srcset=\"https:\/\/abrasivesstone.com\/wp-content\/uploads\/2020\/11\/Fickert-blanco-300x300.png 300w, https:\/\/abrasivesstone.com\/wp-content\/uploads\/2020\/11\/Fickert-blanco-100x100.png 100w\" sizes=\"(max-width: 300px) 100vw, 300px\" \/><\/div>\n\t\t\t\t\t<div class=\"wc-block-grid__product-title\">Fickert &#8211; Magnesita<\/div>\n\t\t\t\t<\/a>\n\t\t\t\t<div class=\"wc-block-grid__product-price price\"><\/div>\n\t\t\t\t\n\t\t\t\t<div class=\"wp-block-button wc-block-grid__product-add-to-cart\"><a href=\"https:\/\/abrasivesstone.com\/en\/product\/fickert-magnesita\/\" aria-label=\"Read more about \u201cFickert - Magnesita\u201d\" data-quantity=\"1\" data-product_id=\"270\" data-product_sku=\"040\" data-price=\"0\" rel=\"nofollow\" class=\"wp-block-button__link  add_to_cart_button\" data-no-translation=\"\" data-trp-gettext=\"\" data-no-translation-aria-label=\"\">Read more<\/a><\/div>\n\t\t\t<\/li><li class=\"wc-block-grid__product\">\n\t\t\t\t<a href=\"https:\/\/abrasivesstone.com\/en\/product\/resinoid-band-400-600-800\/\" class=\"wc-block-grid__product-link\">\n\t\t\t\t\t\n\t\t\t\t\t<div class=\"wc-block-grid__product-image\"><img loading=\"lazy\" decoding=\"async\" width=\"300\" height=\"300\" src=\"https:\/\/abrasivesstone.com\/wp-content\/uploads\/2020\/11\/fickert-azul-300x300.png\" class=\"attachment-woocommerce_thumbnail size-woocommerce_thumbnail\" alt=\"Resinoid Band 400-600-800\" srcset=\"https:\/\/abrasivesstone.com\/wp-content\/uploads\/2020\/11\/fickert-azul-300x300.png 300w, https:\/\/abrasivesstone.com\/wp-content\/uploads\/2020\/11\/fickert-azul-100x100.png 100w, https:\/\/abrasivesstone.com\/wp-content\/uploads\/2020\/11\/fickert-azul-150x150.png 150w\" sizes=\"(max-width: 300px) 100vw, 300px\" \/><\/div>\n\t\t\t\t\t<div class=\"wc-block-grid__product-title\">Resinoid Band 400-600-800<\/div>\n\t\t\t\t<\/a>\n\t\t\t\t<div class=\"wc-block-grid__product-price price\"><\/div>\n\t\t\t\t\n\t\t\t\t<div class=\"wp-block-button wc-block-grid__product-add-to-cart\"><a href=\"https:\/\/abrasivesstone.com\/en\/product\/resinoid-band-400-600-800\/\" aria-label=\"Read more about \u201cResinoid Band 400-600-800\u201d\" data-quantity=\"1\" data-product_id=\"282\" data-product_sku=\"045\" data-price=\"0\" rel=\"nofollow\" class=\"wp-block-button__link  add_to_cart_button\" data-no-translation=\"\" data-trp-gettext=\"\" data-no-translation-aria-label=\"\">Read more<\/a><\/div>\n\t\t\t<\/li><\/ul><\/div><div class=\"wp-block-themeisle-blocks-advanced-columns has-1-columns has-desktop-equal-layout has-tablet-equal-layout has-mobile-equal-layout has-default-gap has-vertical-unset\" id=\"wp-block-themeisle-blocks-advanced-columns-b1697d80\"><div class=\"wp-block-themeisle-blocks-advanced-columns-overlay\"><\/div><div class=\"innerblocks-wrap\"><div class=\"wp-block-themeisle-blocks-advanced-column\" id=\"wp-block-themeisle-blocks-advanced-column-7daeca05\"><h1 class=\"has-text-align-left has-white-color has-text-color wp-block-heading\">PONTE EN CONTACTO<\/h1>\n\n<p class=\"has-text-align-left has-white-color has-text-color\">Si tienes alguna duda, no dudes en ponerte en contacto con nosotros.<\/p>\n\n<div class=\"wpforms-container wpforms-container-full ticss-da0107e4 wpforms-block\" id=\"wpforms-176\"><form id=\"wpforms-form-176\" class=\"wpforms-validate wpforms-form\" data-formid=\"176\" method=\"post\" enctype=\"multipart\/form-data\" action=\"\/en\/wp-json\/wp\/v2\/pages\/143\" data-token=\"a33ed49384b4872341677f7325694452\" data-token-time=\"1776515226\" data-trp-original-action=\"\/en\/wp-json\/wp\/v2\/pages\/143\"><noscript class=\"wpforms-error-noscript\">Please enable JavaScript in your browser to complete this form.<\/noscript><div class=\"wpforms-field-container\"><div id=\"wpforms-176-field_0-container\" class=\"wpforms-field wpforms-field-name\" data-field-id=\"0\"><label class=\"wpforms-field-label\" for=\"wpforms-176-field_0\">Nombre <span class=\"wpforms-required-label\">*<\/span><\/label><div class=\"wpforms-field-row wpforms-field-medium\"><div class=\"wpforms-field-row-block wpforms-first wpforms-one-half\"><input type=\"text\" id=\"wpforms-176-field_0\" class=\"wpforms-field-name-first wpforms-field-required\" name=\"wpforms[fields][0][first]\" required><label for=\"wpforms-176-field_0\" class=\"wpforms-field-sublabel after\">First<\/label><\/div><div class=\"wpforms-field-row-block wpforms-one-half\"><input type=\"text\" id=\"wpforms-176-field_0-last\" class=\"wpforms-field-name-last wpforms-field-required\" name=\"wpforms[fields][0][last]\" required><label for=\"wpforms-176-field_0-last\" class=\"wpforms-field-sublabel after\">Last<\/label><\/div><\/div><\/div><div id=\"wpforms-176-field_1-container\" class=\"wpforms-field wpforms-field-email\" data-field-id=\"1\"><label class=\"wpforms-field-label\" for=\"wpforms-176-field_1\">Correo electr\u00f3nico <span class=\"wpforms-required-label\">*<\/span><\/label><input type=\"email\" id=\"wpforms-176-field_1\" class=\"wpforms-field-medium wpforms-field-required\" name=\"wpforms[fields][1]\" spellcheck=\"false\" required><\/div><div id=\"wpforms-176-field_2-container\" class=\"wpforms-field wpforms-field-textarea\" data-field-id=\"2\"><label class=\"wpforms-field-label\" for=\"wpforms-176-field_2\">Comentario o mensaje <span class=\"wpforms-required-label\">*<\/span><\/label><textarea id=\"wpforms-176-field_2\" class=\"wpforms-field-medium wpforms-field-required\" name=\"wpforms[fields][2]\" required><\/textarea><\/div><\/div><!-- .wpforms-field-container --><div class=\"wpforms-submit-container\" ><input type=\"hidden\" name=\"wpforms[id]\" value=\"176\"><input type=\"hidden\" name=\"page_title\" value=\"\"><input type=\"hidden\" name=\"page_url\" value=\"https:\/\/abrasivesstone.com\/en\/wp-json\/wp\/v2\/pages\/143\"><button type=\"submit\" name=\"wpforms[submit]\" id=\"wpforms-submit-176\" class=\"wpforms-submit\" data-alt-text=\"Enviando...\" data-submit-text=\"Enviar\" aria-live=\"assertive\" value=\"wpforms-submit\">Enviar<\/button><\/div><input type=\"hidden\" name=\"trp-form-language\" value=\"en\"\/><\/form><\/div>  <!-- .wpforms-container --><\/div><\/div><\/div><div class=\"wp-block-themeisle-blocks-advanced-columns has-1-columns has-desktop-equal-layout has-tablet-equal-layout has-mobile-equal-layout has-default-gap has-vertical-unset ticss-0d035f5a\" id=\"wp-block-themeisle-blocks-advanced-columns-ab499f34\"><div class=\"wp-block-themeisle-blocks-advanced-columns-overlay\"><\/div><div class=\"innerblocks-wrap\"><div class=\"wp-block-themeisle-blocks-advanced-column\" id=\"wp-block-themeisle-blocks-advanced-column-3a2a8c54\"><\/div><\/div><\/div><div class=\"wp-block-themeisle-blocks-advanced-columns has-2-columns has-desktop-equal-layout has-tablet-equal-layout has-mobile-collapsedRows-layout has-default-gap has-vertical-unset\" id=\"wp-block-themeisle-blocks-advanced-columns-c01a8bd2\"><div class=\"wp-block-themeisle-blocks-advanced-columns-overlay\"><\/div><div class=\"innerblocks-wrap\"><div class=\"wp-block-themeisle-blocks-advanced-column\" id=\"wp-block-themeisle-blocks-advanced-column-0b4743df\"><p class=\"wp-block-themeisle-blocks-font-awesome-icons\" id=\"wp-block-themeisle-blocks-font-awesome-icons-2164949d\"><span class=\"wp-block-themeisle-blocks-font-awesome-icons-container\"><i class=\"far fa-map\"><\/i><\/span><\/p>\n\n<p class=\"has-text-align-center has-black-color has-text-color has-medium-font-size\">Calle Sierra de Lujar N\u00ba1<br>Pol\u00edgono Industrial Asegra <br>18210, Peligros, Granada (Espa\u00f1a)&nbsp; <\/p><\/div>\n\n<div class=\"wp-block-themeisle-blocks-advanced-column\" id=\"wp-block-themeisle-blocks-advanced-column-eb55a30a\"><p class=\"wp-block-themeisle-blocks-font-awesome-icons\" id=\"wp-block-themeisle-blocks-font-awesome-icons-30036abd\"><span class=\"wp-block-themeisle-blocks-font-awesome-icons-container\"><i class=\"fas fa-phone\"><\/i><\/span><\/p>\n\n<p class=\"has-text-align-center has-black-color has-text-color has-medium-font-size\">+34 646 579 031<br>+34 958 400 531<br><a href=\"https:\/\/wa.me\/34646579031\" target=\"_blank\" rel=\"noreferrer noopener\"><i style=\"font-size:20px\" class=\"fab fa-fw fa-whatsapp margin-right\"><\/i>  Escr\u00edbenos por Whatsapp<\/a><\/p><\/div><\/div><\/div><p><\/p>","protected":false},"excerpt":{"rendered":"","protected":false},"author":1,"featured_media":0,"parent":0,"menu_order":0,"comment_status":"closed","ping_status":"closed","template":"page-templates\/template-pagebuilder-full-width.php","meta":{"neve_meta_sidebar":"full-width","neve_meta_container":"contained","neve_meta_enable_content_width":"on","neve_meta_content_width":100,"neve_meta_title_alignment":"","neve_meta_author_avatar":"","neve_post_elements_order":"","neve_meta_disable_header":"","neve_meta_disable_footer":"","neve_meta_disable_title":"","_themeisle_gutenberg_block_has_review":false,"_ti_tpc_template_sync":false,"_ti_tpc_template_id":"","footnotes":""},"class_list":["post-143","page","type-page","status-publish","hentry"],"_links":{"self":[{"href":"https:\/\/abrasivesstone.com\/en\/wp-json\/wp\/v2\/pages\/143"}],"collection":[{"href":"https:\/\/abrasivesstone.com\/en\/wp-json\/wp\/v2\/pages"}],"about":[{"href":"https:\/\/abrasivesstone.com\/en\/wp-json\/wp\/v2\/types\/page"}],"author":[{"embeddable":true,"href":"https:\/\/abrasivesstone.com\/en\/wp-json\/wp\/v2\/users\/1"}],"replies":[{"embeddable":true,"href":"https:\/\/abrasivesstone.com\/en\/wp-json\/wp\/v2\/comments?post=143"}],"version-history":[{"count":39,"href":"https:\/\/abrasivesstone.com\/en\/wp-json\/wp\/v2\/pages\/143\/revisions"}],"predecessor-version":[{"id":463,"href":"https:\/\/abrasivesstone.com\/en\/wp-json\/wp\/v2\/pages\/143\/revisions\/463"}],"wp:attachment":[{"href":"https:\/\/abrasivesstone.com\/en\/wp-json\/wp\/v2\/media?parent=143"}],"curies":[{"name":"wp","href":"https:\/\/api.w.org\/{rel}","templated":true}]}}