{"id":432,"date":"2020-11-27T16:58:31","date_gmt":"2020-11-27T16:58:31","guid":{"rendered":"http:\/\/abrasivesstone.com\/?page_id=432"},"modified":"2020-12-01T14:57:09","modified_gmt":"2020-12-01T14:57:09","slug":"quienes-somos","status":"publish","type":"page","link":"https:\/\/abrasivesstone.com\/en\/quienes-somos\/","title":{"rendered":"Qui\u00e9nes somos"},"content":{"rendered":"<div class=\"wp-block-themeisle-blocks-advanced-columns alignfull has-2-columns has-desktop-equal-layout has-tablet-collapsedRows-layout has-mobile-collapsedRows-layout has-nogap-gap has-vertical-center\" id=\"wp-block-themeisle-blocks-advanced-columns-161d9107\"><div class=\"wp-block-themeisle-blocks-advanced-columns-overlay\"><\/div><div class=\"innerblocks-wrap\"><div class=\"wp-block-themeisle-blocks-advanced-column\" id=\"wp-block-themeisle-blocks-advanced-column-f25850ec\"><div class=\"wp-block-themeisle-blocks-advanced-columns has-1-columns has-desktop-equal-layout hide-in-tablet hide-in-mobile has-default-gap has-vertical-unset\" id=\"wp-block-themeisle-blocks-advanced-columns-ad0f6951\"><div class=\"wp-block-themeisle-blocks-advanced-columns-overlay\"><\/div><div class=\"innerblocks-wrap\"><div class=\"wp-block-themeisle-blocks-advanced-column\" id=\"wp-block-themeisle-blocks-advanced-column-a7b06a94\"><div class=\"wp-block-image\"><figure class=\"aligncenter size-large\"><img loading=\"lazy\" decoding=\"async\" width=\"1024\" height=\"684\" src=\"https:\/\/abrasivesstone.com\/wp-content\/uploads\/2020\/11\/black-marble-patterned-texture-background-marble-thailand-abstract-natural-marble-black-white-design-1024x684.jpg\" alt=\"\" class=\"wp-image-345\" srcset=\"https:\/\/abrasivesstone.com\/wp-content\/uploads\/2020\/11\/black-marble-patterned-texture-background-marble-thailand-abstract-natural-marble-black-white-design-1024x684.jpg 1024w, https:\/\/abrasivesstone.com\/wp-content\/uploads\/2020\/11\/black-marble-patterned-texture-background-marble-thailand-abstract-natural-marble-black-white-design-300x200.jpg 300w, https:\/\/abrasivesstone.com\/wp-content\/uploads\/2020\/11\/black-marble-patterned-texture-background-marble-thailand-abstract-natural-marble-black-white-design-768x513.jpg 768w, https:\/\/abrasivesstone.com\/wp-content\/uploads\/2020\/11\/black-marble-patterned-texture-background-marble-thailand-abstract-natural-marble-black-white-design-1536x1025.jpg 1536w, https:\/\/abrasivesstone.com\/wp-content\/uploads\/2020\/11\/black-marble-patterned-texture-background-marble-thailand-abstract-natural-marble-black-white-design-2048x1367.jpg 2048w, https:\/\/abrasivesstone.com\/wp-content\/uploads\/2020\/11\/black-marble-patterned-texture-background-marble-thailand-abstract-natural-marble-black-white-design-16x12.jpg 16w, https:\/\/abrasivesstone.com\/wp-content\/uploads\/2020\/11\/black-marble-patterned-texture-background-marble-thailand-abstract-natural-marble-black-white-design-930x620.jpg 930w, https:\/\/abrasivesstone.com\/wp-content\/uploads\/2020\/11\/black-marble-patterned-texture-background-marble-thailand-abstract-natural-marble-black-white-design-600x401.jpg 600w\" sizes=\"(max-width: 1024px) 100vw, 1024px\" \/><\/figure><\/div><\/div><\/div><\/div><\/div>\n\n<div class=\"wp-block-themeisle-blocks-advanced-column neve-about-content\" id=\"wp-block-themeisle-blocks-advanced-column-fc876018\"><div id=\"wp-block-themeisle-blocks-advanced-heading-f80c76ac\" class=\"wp-block-themeisle-blocks-advanced-heading wp-block-themeisle-blocks-advanced-heading-f80c76ac\">40<\/div>\n\n<h2 id=\"wp-block-themeisle-blocks-advanced-heading-325ec321\" class=\"wp-block-themeisle-blocks-advanced-heading wp-block-themeisle-blocks-advanced-heading-325ec321\">40 A\u00f1os de experiencia en el sector.<\/h2>\n\n<p id=\"wp-block-themeisle-blocks-advanced-heading-23d3c7b3\" class=\"wp-block-themeisle-blocks-advanced-heading wp-block-themeisle-blocks-advanced-heading-23d3c7b3\">Abrasives Stone es una empresa espa\u00f1ola con mas de 40 a\u00f1os de experiencia en la fabricaci\u00f3n de abrasivos para pulido de m\u00e1rmol, granito y terrazo entre otros productos. Desde entonces, producimos abrasivos de primera calidad, fabricados con la mejor materia prima, lo cual nos ha convertido en una empresa referente en el sector.<br><br>Contamos con un amplio equipo t\u00e9cnico, as\u00ed como con una avanzada tecnolog\u00eda en el campo de los abrasivos, los cuales trabajan conjuntamente para elaborar un producto que permite lograr un acabado perfecto.<\/p>\n\n<p><\/p><\/div><\/div><\/div><p><\/p>","protected":false},"excerpt":{"rendered":"","protected":false},"author":1,"featured_media":0,"parent":0,"menu_order":0,"comment_status":"closed","ping_status":"closed","template":"","meta":{"neve_meta_sidebar":"full-width","neve_meta_container":"","neve_meta_enable_content_width":"on","neve_meta_content_width":100,"neve_meta_title_alignment":"","neve_meta_author_avatar":"","neve_post_elements_order":"","neve_meta_disable_header":"","neve_meta_disable_footer":"","neve_meta_disable_title":"","_themeisle_gutenberg_block_has_review":false,"_ti_tpc_template_sync":false,"_ti_tpc_template_id":"","footnotes":""},"class_list":["post-432","page","type-page","status-publish","hentry"],"_links":{"self":[{"href":"https:\/\/abrasivesstone.com\/en\/wp-json\/wp\/v2\/pages\/432"}],"collection":[{"href":"https:\/\/abrasivesstone.com\/en\/wp-json\/wp\/v2\/pages"}],"about":[{"href":"https:\/\/abrasivesstone.com\/en\/wp-json\/wp\/v2\/types\/page"}],"author":[{"embeddable":true,"href":"https:\/\/abrasivesstone.com\/en\/wp-json\/wp\/v2\/users\/1"}],"replies":[{"embeddable":true,"href":"https:\/\/abrasivesstone.com\/en\/wp-json\/wp\/v2\/comments?post=432"}],"version-history":[{"count":8,"href":"https:\/\/abrasivesstone.com\/en\/wp-json\/wp\/v2\/pages\/432\/revisions"}],"predecessor-version":[{"id":448,"href":"https:\/\/abrasivesstone.com\/en\/wp-json\/wp\/v2\/pages\/432\/revisions\/448"}],"wp:attachment":[{"href":"https:\/\/abrasivesstone.com\/en\/wp-json\/wp\/v2\/media?parent=432"}],"curies":[{"name":"wp","href":"https:\/\/api.w.org\/{rel}","templated":true}]}}